{"id":2,"date":"2022-01-30T18:15:38","date_gmt":"2022-01-30T18:15:38","guid":{"rendered":"https:\/\/lacharmaie.com\/?page_id=2"},"modified":"2025-03-15T15:13:02","modified_gmt":"2025-03-15T15:13:02","slug":"sample-page","status":"publish","type":"page","link":"https:\/\/www.lacharmaie.com\/","title":{"rendered":"Accueil"},"content":{"rendered":"\r\n<div class=\"wp-block-group\"><div class=\"wp-block-group__inner-container is-layout-flow wp-block-group-is-layout-flow\">\r\n<p style=\"text-align: justify;\"><em>\u00ab\u00a0Soutenue et encourag\u00e9e par ma famille, mes proches, mes amis, que je tiens ici \u00e0 remercier, je r\u00e9alise aujourd\u2019hui un r\u00eave, celui d\u2019ouvrir mon g\u00eete\u00a0! Je nous souhaite de vivre encore de belles ann\u00e9es, de belles rencontres et de beaux moments de partage. Nathalie\u00a0\u00bb<\/em><\/p>\r\n<p style=\"text-align: justify;\"><em>\u00a0<\/em><strong>La Charmaie : place au calme et \u00e0 la d\u00e9tente<\/strong><\/p>\r\n<p style=\"text-align: justify;\">Laissez-vous s\u00e9duire par le charme rustique de la Charmaie, ancienne ferme de vall\u00e9e, aujourd\u2019hui restaur\u00e9e et transform\u00e9e sur une d\u00e9pendance en g\u00eete. La Charmaie accueille toute l\u2019ann\u00e9e touristes et amoureux de la nature.<\/p>\r\n<p style=\"text-align: justify;\">Sa situation privil\u00e9gi\u00e9e, aux abords du village et du c\u00e9l\u00e8bre <span style=\"color: #000000;\"><strong><a style=\"color: #000000;\" href=\"https:\/\/www.parc-wesserling.fr\/\" target=\"_blank\" rel=\"noopener\">Parc de Wesserling<\/a><\/strong><\/span> est propice au calme, \u00e0 la d\u00e9tente et aux promenades. Son environnement naturel vous s\u00e9duira, en particulier par la proximit\u00e9 imm\u00e9diate des montagnes et de la for\u00eat\u00a0; une for\u00eat o\u00f9 dominent les charmes, d\u2019o\u00f9 le nom du g\u00eete\u00a0:<strong>\u00a0La Charmaie.<\/strong><\/p>\r\n<br \/><\/div><\/div>\r\n\r\n\r\n\r\n<figure class=\"wp-block-image size-full is-resized\"><img loading=\"lazy\" decoding=\"async\" class=\"wp-image-23\" src=\"https:\/\/lacharmaie.com\/wp-content\/uploads\/2022\/01\/Accueil.gif\" alt=\"\" width=\"647\" height=\"418\" \/>\r\n<p>&nbsp;<\/p>\r\n<p style=\"text-align: justify;\"><strong>Une ambiance rustique, un confort contemporain<\/strong><\/p>\r\n<p style=\"text-align: justify;\">Le g\u00eete, vous accueille dans un d\u00e9cor authentique respectant le caract\u00e8re rustique des anciennes maisons de vall\u00e9e en Alsace et allie le confort moderne des h\u00f4tes\u00a0: chauffage individuel au gaz, wifi, t\u00e9l\u00e9vision, toilettes et salle d\u2019eau priv\u00e9e pour chaque chambre.<\/p>\r\n<p style=\"text-align: justify;\">Nous nous r\u00e9jouissons de partager avec vous des moments uniques et sympathiques.<\/p>\r\n<p style=\"text-align: justify;\">Arriv\u00e9e samedi \u00e0 partir de 17h et d\u00e9part samedi 11h.<\/p>\r\n<p style=\"text-align: justify;\">Entr\u00e9e ind\u00e9pendante.<\/p>\r\n<\/figure>\r\n\r\n\r\n","protected":false},"excerpt":{"rendered":"<p>\u00ab\u00a0Soutenue et encourag\u00e9e par ma famille, mes proches, mes amis, que je tiens ici \u00e0 remercier, je r\u00e9alise aujourd\u2019hui un r\u00eave, celui d\u2019ouvrir mon g\u00eete\u00a0! Je nous souhaite de vivre encore de belles ann\u00e9es, de belles rencontres et de beaux moments de partage. Nathalie\u00a0\u00bb \u00a0La Charmaie : place au calme et \u00e0 la d\u00e9tente Laissez-vous [&hellip;]<\/p>\n","protected":false},"author":1,"featured_media":0,"parent":0,"menu_order":0,"comment_status":"closed","ping_status":"open","template":"","meta":{"footnotes":""},"class_list":["post-2","page","type-page","status-publish","hentry"],"_links":{"self":[{"href":"https:\/\/www.lacharmaie.com\/index.php?rest_route=\/wp\/v2\/pages\/2","targetHints":{"allow":["GET"]}}],"collection":[{"href":"https:\/\/www.lacharmaie.com\/index.php?rest_route=\/wp\/v2\/pages"}],"about":[{"href":"https:\/\/www.lacharmaie.com\/index.php?rest_route=\/wp\/v2\/types\/page"}],"author":[{"embeddable":true,"href":"https:\/\/www.lacharmaie.com\/index.php?rest_route=\/wp\/v2\/users\/1"}],"replies":[{"embeddable":true,"href":"https:\/\/www.lacharmaie.com\/index.php?rest_route=%2Fwp%2Fv2%2Fcomments&post=2"}],"version-history":[{"count":11,"href":"https:\/\/www.lacharmaie.com\/index.php?rest_route=\/wp\/v2\/pages\/2\/revisions"}],"predecessor-version":[{"id":152,"href":"https:\/\/www.lacharmaie.com\/index.php?rest_route=\/wp\/v2\/pages\/2\/revisions\/152"}],"wp:attachment":[{"href":"https:\/\/www.lacharmaie.com\/index.php?rest_route=%2Fwp%2Fv2%2Fmedia&parent=2"}],"curies":[{"name":"wp","href":"https:\/\/api.w.org\/{rel}","templated":true}]}}